{"id":1694,"date":"2024-12-13T09:22:50","date_gmt":"2024-12-13T09:22:50","guid":{"rendered":"https:\/\/www.believeinyouth.eu\/?page_id=1694"},"modified":"2024-12-13T09:39:27","modified_gmt":"2024-12-13T09:39:27","slug":"activities_tr","status":"publish","type":"page","link":"https:\/\/www.believeinyouth.eu\/index.php\/tr\/activities_tr\/","title":{"rendered":"Faaliyetler"},"content":{"rendered":"\t\t<div data-elementor-type=\"wp-page\" data-elementor-id=\"1694\" class=\"elementor elementor-1694\">\n\t\t\t\t\t\t<section class=\"elementor-section elementor-top-section elementor-element elementor-element-71301d52 elementor-section-boxed elementor-section-height-default elementor-section-height-default wpr-particle-no wpr-jarallax-no wpr-parallax-no wpr-sticky-section-no\" data-id=\"71301d52\" data-element_type=\"section\" data-settings=\"{&quot;background_background&quot;:&quot;classic&quot;}\">\n\t\t\t\t\t\t\t<div class=\"elementor-background-overlay\"><\/div>\n\t\t\t\t\t\t\t<div class=\"elementor-container elementor-column-gap-default\">\n\t\t\t\t\t<div class=\"elementor-column elementor-col-100 elementor-top-column elementor-element elementor-element-9c2e8bc\" data-id=\"9c2e8bc\" data-element_type=\"column\">\n\t\t\t<div class=\"elementor-widget-wrap elementor-element-populated\">\n\t\t\t\t\t\t\t<\/div>\n\t\t<\/div>\n\t\t\t\t\t<\/div>\n\t\t<\/section>\n\t\t\t\t<section class=\"elementor-section elementor-top-section elementor-element elementor-element-a9149f1 elementor-section-boxed elementor-section-height-default elementor-section-height-default wpr-particle-no wpr-jarallax-no wpr-parallax-no wpr-sticky-section-no\" data-id=\"a9149f1\" data-element_type=\"section\">\n\t\t\t\t\t\t<div class=\"elementor-container elementor-column-gap-wide\">\n\t\t\t\t\t<div class=\"elementor-column elementor-col-100 elementor-top-column elementor-element elementor-element-9ce52b1\" data-id=\"9ce52b1\" data-element_type=\"column\">\n\t\t\t<div class=\"elementor-widget-wrap elementor-element-populated\">\n\t\t\t\t\t\t<div class=\"elementor-element elementor-element-44ff087 wpr-button-icon-style-inline wpr-button-icon-position-right elementor-widget elementor-widget-wpr-button\" data-id=\"44ff087\" data-element_type=\"widget\" data-widget_type=\"wpr-button.default\">\n\t\t\t\t<div class=\"elementor-widget-container\">\n\t\t\t\t\t\t\n\t\t\t\n\t\t\n\t\t<div class=\"wpr-button-wrap elementor-clearfix\">\n\t\t<a class=\"wpr-button wpr-button-effect pro-wnt\" data-text=\"\" href=\"#link\">\n\t\t\t\n\t\t\t<span class=\"wpr-button-content\">\n\t\t\t\t\t\t\t\t\t<span class=\"wpr-button-text\">1. Proje Y\u00f6netim Toplant\u0131lar\u0131<\/span>\n\t\t\t\t\t\t\t\t\n\t\t\t\t\t\t\t<\/span>\n\t\t<\/a>\n\n\t\t\t\t<\/div>\n\t\n\t\n\t\t\t\t\t<\/div>\n\t\t\t\t<\/div>\n\t\t\t\t<div class=\"elementor-element elementor-element-a7c7066 elementor-widget elementor-widget-text-editor\" data-id=\"a7c7066\" data-element_type=\"widget\" data-widget_type=\"text-editor.default\">\n\t\t\t\t<div class=\"elementor-widget-container\">\n\t\t\t\t\t\t\t\t\t<h4 style=\"text-align: center;\">Proje kapsam\u0131nda geli\u015ftirilen \u00fcr\u00fcnlerin de\u011ferlendirilmesi, proje ile ilgili kararlar\u0131n al\u0131nmas\u0131 ve proje s\u00fcre\u00e7lerinin tasarlanm\u0131\u015f amac\u0131yla uluslararas\u0131 d\u00fczeyde proje y\u00f6netimi toplant\u0131lar\u0131 d\u00fczenlenecektir. Bu toplant\u0131larda, projenin ilerleme durumu incelenecek, yap\u0131lan \u00e7al\u0131\u015fmalar de\u011ferlendirilecek ve uluslararas\u0131 kat\u0131l\u0131mc\u0131larla i\u015fbirli\u011fi i\u00e7in stratejiler belirlenecektir.<\/h4>\t\t\t\t\t\t\t\t<\/div>\n\t\t\t\t<\/div>\n\t\t\t\t\t<\/div>\n\t\t<\/div>\n\t\t\t\t\t<\/div>\n\t\t<\/section>\n\t\t<div class=\"elementor-element elementor-element-69ea0e79 e-con-full e-flex wpr-particle-no wpr-jarallax-no wpr-parallax-no wpr-sticky-section-no e-con e-parent\" data-id=\"69ea0e79\" data-element_type=\"container\">\n\t\t\t\t<div class=\"elementor-element elementor-element-3aaa77fa elementor-widget-divider--view-line elementor-widget elementor-widget-divider\" data-id=\"3aaa77fa\" data-element_type=\"widget\" data-widget_type=\"divider.default\">\n\t\t\t\t<div class=\"elementor-widget-container\">\n\t\t\t\t\t\t\t<div class=\"elementor-divider\">\n\t\t\t<span class=\"elementor-divider-separator\">\n\t\t\t\t\t\t<\/span>\n\t\t<\/div>\n\t\t\t\t\t\t<\/div>\n\t\t\t\t<\/div>\n\t\t\t\t<\/div>\n\t\t\t\t<section class=\"elementor-section elementor-top-section elementor-element elementor-element-a8033f5 elementor-section-boxed elementor-section-height-default elementor-section-height-default wpr-particle-no wpr-jarallax-no wpr-parallax-no wpr-sticky-section-no\" data-id=\"a8033f5\" data-element_type=\"section\">\n\t\t\t\t\t\t<div class=\"elementor-container elementor-column-gap-wide\">\n\t\t\t\t\t<div class=\"elementor-column elementor-col-100 elementor-top-column elementor-element elementor-element-106bbbc\" data-id=\"106bbbc\" data-element_type=\"column\">\n\t\t\t<div class=\"elementor-widget-wrap elementor-element-populated\">\n\t\t\t\t\t\t<div class=\"elementor-element elementor-element-aaeda2a wpr-button-icon-style-inline wpr-button-icon-position-right elementor-widget elementor-widget-wpr-button\" data-id=\"aaeda2a\" data-element_type=\"widget\" data-widget_type=\"wpr-button.default\">\n\t\t\t\t<div class=\"elementor-widget-container\">\n\t\t\t\t\t\t\n\t\t\t\n\t\t\n\t\t<div class=\"wpr-button-wrap elementor-clearfix\">\n\t\t<a class=\"wpr-button wpr-button-effect pro-wnt\" data-text=\"\" href=\"#link\">\n\t\t\t\n\t\t\t<span class=\"wpr-button-content\">\n\t\t\t\t\t\t\t\t\t<span class=\"wpr-button-text\">2. \u00d6\u011frenme, \u00d6\u011fretme ve E\u011fitim Faaliyetleri<\/span>\n\t\t\t\t\t\t\t\t\n\t\t\t\t\t\t\t<\/span>\n\t\t<\/a>\n\n\t\t\t\t<\/div>\n\t\n\t\n\t\t\t\t\t<\/div>\n\t\t\t\t<\/div>\n\t\t\t\t<div class=\"elementor-element elementor-element-12aa8b5 elementor-widget elementor-widget-text-editor\" data-id=\"12aa8b5\" data-element_type=\"widget\" data-widget_type=\"text-editor.default\">\n\t\t\t\t<div class=\"elementor-widget-container\">\n\t\t\t\t\t\t\t\t\t<h4>Bu toplant\u0131larda, ara\u015ft\u0131rmac\u0131lar, proje uzmanlar\u0131 ve hedef grup \u00fcyeleri; gen\u00e7lik \u00e7al\u0131\u015fmalar\u0131 projesi kapsam\u0131nda geli\u015ftirilen \u00fcr\u00fcnlerin kullan\u0131m\u0131 hakk\u0131nda detayl\u0131 bilgiye sahip olacaklard\u0131r. Toplant\u0131larda projenin hedef kitlesine y\u00f6nelik \u00fcr\u00fcnlerin etkile\u015fimi, kullan\u0131m avantajlar\u0131 ve potansiyel zorluklar\u0131 ele al\u0131nacakt\u0131r. B\u00f6ylece kat\u0131l\u0131mc\u0131lar, projenin ama\u00e7lar\u0131na ula\u015fmak ad\u0131na daha etkili stratejiler geli\u015ftirebileceklerdir. Ayr\u0131ca, bu toplant\u0131larda ortaya \u00e7\u0131kabilecek geri bildirimler ve \u00f6neriler projenin geli\u015fimine katk\u0131 sa\u011flayacakt\u0131r<\/h4>\t\t\t\t\t\t\t\t<\/div>\n\t\t\t\t<\/div>\n\t\t\t\t\t<\/div>\n\t\t<\/div>\n\t\t\t\t\t<\/div>\n\t\t<\/section>\n\t\t<div class=\"elementor-element elementor-element-efdf114 e-con-full e-flex wpr-particle-no wpr-jarallax-no wpr-parallax-no wpr-sticky-section-no e-con e-parent\" data-id=\"efdf114\" data-element_type=\"container\">\n\t\t\t\t<div class=\"elementor-element elementor-element-3bdc1fb elementor-widget-divider--view-line elementor-widget elementor-widget-divider\" data-id=\"3bdc1fb\" data-element_type=\"widget\" data-widget_type=\"divider.default\">\n\t\t\t\t<div class=\"elementor-widget-container\">\n\t\t\t\t\t\t\t<div class=\"elementor-divider\">\n\t\t\t<span class=\"elementor-divider-separator\">\n\t\t\t\t\t\t<\/span>\n\t\t<\/div>\n\t\t\t\t\t\t<\/div>\n\t\t\t\t<\/div>\n\t\t\t\t<\/div>\n\t\t\t\t<section class=\"elementor-section elementor-top-section elementor-element elementor-element-225efd0 elementor-section-boxed elementor-section-height-default elementor-section-height-default wpr-particle-no wpr-jarallax-no wpr-parallax-no wpr-sticky-section-no\" data-id=\"225efd0\" data-element_type=\"section\">\n\t\t\t\t\t\t<div class=\"elementor-container elementor-column-gap-wide\">\n\t\t\t\t\t<div class=\"elementor-column elementor-col-100 elementor-top-column elementor-element elementor-element-44b92be\" data-id=\"44b92be\" data-element_type=\"column\">\n\t\t\t<div class=\"elementor-widget-wrap elementor-element-populated\">\n\t\t\t\t\t\t<div class=\"elementor-element elementor-element-4ad10d7 wpr-button-icon-style-inline wpr-button-icon-position-right elementor-widget elementor-widget-wpr-button\" data-id=\"4ad10d7\" data-element_type=\"widget\" data-widget_type=\"wpr-button.default\">\n\t\t\t\t<div class=\"elementor-widget-container\">\n\t\t\t\t\t\t\n\t\t\t\n\t\t\n\t\t<div class=\"wpr-button-wrap elementor-clearfix\">\n\t\t<a class=\"wpr-button wpr-button-effect pro-wnt\" data-text=\"\" href=\"#link\">\n\t\t\t\n\t\t\t<span class=\"wpr-button-content\">\n\t\t\t\t\t\t\t\t\t<span class=\"wpr-button-text\">3. \u00c7o\u011falt\u0131c\u0131 Etkinlikler<\/span>\n\t\t\t\t\t\t\t\t\n\t\t\t\t\t\t\t<\/span>\n\t\t<\/a>\n\n\t\t\t\t<\/div>\n\t\n\t\n\t\t\t\t\t<\/div>\n\t\t\t\t<\/div>\n\t\t\t\t<div class=\"elementor-element elementor-element-9ce3dd2 elementor-widget elementor-widget-text-editor\" data-id=\"9ce3dd2\" data-element_type=\"widget\" data-widget_type=\"text-editor.default\">\n\t\t\t\t<div class=\"elementor-widget-container\">\n\t\t\t\t\t\t\t\t\t<h4 style=\"text-align: center;\">Proje sonu\u00e7lar\u0131n\u0131n geni\u015f kitlelere duyurulmas\u0131 ve tan\u0131t\u0131lmas\u0131 amac\u0131yla her \u00fclkede payda\u015flar ve proje kapsam\u0131nda hedeflenen gruplar\u0131n kat\u0131laca\u011f\u0131 etkile\u015fimli faaliyetler d\u00fczenlenecektir. Toplamda 25 kat\u0131l\u0131mc\u0131n\u0131n yer alaca\u011f\u0131 bu etkinliklerde projenin \u00f6nemli sonu\u00e7lar\u0131 sergilenerek kat\u0131l\u0131mc\u0131lara proje hakk\u0131nda detayl\u0131 bilgi sunulacakt\u0131r.<\/h4>\t\t\t\t\t\t\t\t<\/div>\n\t\t\t\t<\/div>\n\t\t\t\t\t<\/div>\n\t\t<\/div>\n\t\t\t\t\t<\/div>\n\t\t<\/section>\n\t\t\t\t<\/div>\n\t\t","protected":false},"excerpt":{"rendered":"<p>1. Proje Y\u00f6netim Toplant\u0131lar\u0131 Proje kapsam\u0131nda geli\u015ftirilen \u00fcr\u00fcnlerin de\u011ferlendirilmesi, proje ile ilgili kararlar\u0131n al\u0131nmas\u0131 ve proje s\u00fcre\u00e7lerinin tasarlanm\u0131\u015f amac\u0131yla uluslararas\u0131 d\u00fczeyde proje y\u00f6netimi toplant\u0131lar\u0131 d\u00fczenlenecektir. Bu toplant\u0131larda, projenin ilerleme durumu incelenecek, yap\u0131lan \u00e7al\u0131\u015fmalar de\u011ferlendirilecek ve uluslararas\u0131 kat\u0131l\u0131mc\u0131larla i\u015fbirli\u011fi i\u00e7in stratejiler belirlenecektir. 2. \u00d6\u011frenme, \u00d6\u011fretme ve E\u011fitim Faaliyetleri Bu toplant\u0131larda, ara\u015ft\u0131rmac\u0131lar, proje uzmanlar\u0131 ve hedef grup \u00fcyeleri; gen\u00e7lik \u00e7al\u0131\u015fmalar\u0131 projesi kapsam\u0131nda geli\u015ftirilen \u00fcr\u00fcnlerin kullan\u0131m\u0131 hakk\u0131nda detayl\u0131 bilgiye sahip olacaklard\u0131r. Toplant\u0131larda projenin hedef kitlesine y\u00f6nelik \u00fcr\u00fcnlerin etkile\u015fimi, kullan\u0131m avantajlar\u0131 ve potansiyel zorluklar\u0131 ele al\u0131nacakt\u0131r. B\u00f6ylece kat\u0131l\u0131mc\u0131lar, projenin ama\u00e7lar\u0131na ula\u015fmak ad\u0131na daha etkili stratejiler geli\u015ftirebileceklerdir. Ayr\u0131ca, bu toplant\u0131larda ortaya \u00e7\u0131kabilecek geri bildirimler ve \u00f6neriler projenin geli\u015fimine katk\u0131 sa\u011flayacakt\u0131r 3. \u00c7o\u011falt\u0131c\u0131 Etkinlikler Proje sonu\u00e7lar\u0131n\u0131n geni\u015f kitlelere duyurulmas\u0131 ve tan\u0131t\u0131lmas\u0131 amac\u0131yla her \u00fclkede payda\u015flar ve proje kapsam\u0131nda hedeflenen gruplar\u0131n kat\u0131laca\u011f\u0131 etkile\u015fimli faaliyetler d\u00fczenlenecektir. Toplamda 25 kat\u0131l\u0131mc\u0131n\u0131n yer alaca\u011f\u0131 bu etkinliklerde projenin \u00f6nemli sonu\u00e7lar\u0131 sergilenerek kat\u0131l\u0131mc\u0131lara proje hakk\u0131nda detayl\u0131 bilgi sunulacakt\u0131r.<\/p>\n","protected":false},"author":1,"featured_media":0,"parent":0,"menu_order":0,"comment_status":"closed","ping_status":"closed","template":"elementor_canvas","meta":{"footnotes":""},"class_list":["post-1694","page","type-page","status-publish","hentry"],"yoast_head":"<!-- This site is optimized with the Yoast SEO plugin v26.3 - https:\/\/yoast.com\/wordpress\/plugins\/seo\/ -->\n<title>Faaliyetler - Believe in Youth<\/title>\n<meta name=\"robots\" content=\"index, follow, max-snippet:-1, max-image-preview:large, max-video-preview:-1\" \/>\n<link rel=\"canonical\" href=\"https:\/\/www.believeinyouth.eu\/index.php\/tr\/activities_tr\/\" \/>\n<meta property=\"og:locale\" content=\"en_US\" \/>\n<meta property=\"og:type\" content=\"article\" \/>\n<meta property=\"og:title\" content=\"Faaliyetler - Believe in Youth\" \/>\n<meta property=\"og:description\" content=\"1. Proje Y\u00f6netim Toplant\u0131lar\u0131 Proje kapsam\u0131nda geli\u015ftirilen \u00fcr\u00fcnlerin de\u011ferlendirilmesi, proje ile ilgili kararlar\u0131n al\u0131nmas\u0131 ve proje s\u00fcre\u00e7lerinin tasarlanm\u0131\u015f amac\u0131yla uluslararas\u0131 d\u00fczeyde proje y\u00f6netimi toplant\u0131lar\u0131 d\u00fczenlenecektir. Bu toplant\u0131larda, projenin ilerleme durumu incelenecek, yap\u0131lan \u00e7al\u0131\u015fmalar de\u011ferlendirilecek ve uluslararas\u0131 kat\u0131l\u0131mc\u0131larla i\u015fbirli\u011fi i\u00e7in stratejiler belirlenecektir. 2. \u00d6\u011frenme, \u00d6\u011fretme ve E\u011fitim Faaliyetleri Bu toplant\u0131larda, ara\u015ft\u0131rmac\u0131lar, proje uzmanlar\u0131 ve hedef grup \u00fcyeleri; gen\u00e7lik \u00e7al\u0131\u015fmalar\u0131 projesi kapsam\u0131nda geli\u015ftirilen \u00fcr\u00fcnlerin kullan\u0131m\u0131 hakk\u0131nda detayl\u0131 bilgiye sahip olacaklard\u0131r. Toplant\u0131larda projenin hedef kitlesine y\u00f6nelik \u00fcr\u00fcnlerin etkile\u015fimi, kullan\u0131m avantajlar\u0131 ve potansiyel zorluklar\u0131 ele al\u0131nacakt\u0131r. B\u00f6ylece kat\u0131l\u0131mc\u0131lar, projenin ama\u00e7lar\u0131na ula\u015fmak ad\u0131na daha etkili stratejiler geli\u015ftirebileceklerdir. Ayr\u0131ca, bu toplant\u0131larda ortaya \u00e7\u0131kabilecek geri bildirimler ve \u00f6neriler projenin geli\u015fimine katk\u0131 sa\u011flayacakt\u0131r 3. \u00c7o\u011falt\u0131c\u0131 Etkinlikler Proje sonu\u00e7lar\u0131n\u0131n geni\u015f kitlelere duyurulmas\u0131 ve tan\u0131t\u0131lmas\u0131 amac\u0131yla her \u00fclkede payda\u015flar ve proje kapsam\u0131nda hedeflenen gruplar\u0131n kat\u0131laca\u011f\u0131 etkile\u015fimli faaliyetler d\u00fczenlenecektir. Toplamda 25 kat\u0131l\u0131mc\u0131n\u0131n yer alaca\u011f\u0131 bu etkinliklerde projenin \u00f6nemli sonu\u00e7lar\u0131 sergilenerek kat\u0131l\u0131mc\u0131lara proje hakk\u0131nda detayl\u0131 bilgi sunulacakt\u0131r.\" \/>\n<meta property=\"og:url\" content=\"https:\/\/www.believeinyouth.eu\/index.php\/tr\/activities_tr\/\" \/>\n<meta property=\"og:site_name\" content=\"Believe in Youth\" \/>\n<meta property=\"article:modified_time\" content=\"2024-12-13T09:39:27+00:00\" \/>\n<meta name=\"twitter:card\" content=\"summary_large_image\" \/>\n<meta name=\"twitter:label1\" content=\"Est. reading time\" \/>\n\t<meta name=\"twitter:data1\" content=\"1 minute\" \/>\n<script type=\"application\/ld+json\" class=\"yoast-schema-graph\">{\"@context\":\"https:\/\/schema.org\",\"@graph\":[{\"@type\":\"WebPage\",\"@id\":\"https:\/\/www.believeinyouth.eu\/index.php\/tr\/activities_tr\/\",\"url\":\"https:\/\/www.believeinyouth.eu\/index.php\/tr\/activities_tr\/\",\"name\":\"Faaliyetler - Believe in Youth\",\"isPartOf\":{\"@id\":\"https:\/\/www.believeinyouth.eu\/#website\"},\"datePublished\":\"2024-12-13T09:22:50+00:00\",\"dateModified\":\"2024-12-13T09:39:27+00:00\",\"breadcrumb\":{\"@id\":\"https:\/\/www.believeinyouth.eu\/index.php\/tr\/activities_tr\/#breadcrumb\"},\"inLanguage\":\"en-US\",\"potentialAction\":[{\"@type\":\"ReadAction\",\"target\":[\"https:\/\/www.believeinyouth.eu\/index.php\/tr\/activities_tr\/\"]}]},{\"@type\":\"BreadcrumbList\",\"@id\":\"https:\/\/www.believeinyouth.eu\/index.php\/tr\/activities_tr\/#breadcrumb\",\"itemListElement\":[{\"@type\":\"ListItem\",\"position\":1,\"name\":\"Home\",\"item\":\"https:\/\/www.believeinyouth.eu\/\"},{\"@type\":\"ListItem\",\"position\":2,\"name\":\"Faaliyetler\"}]},{\"@type\":\"WebSite\",\"@id\":\"https:\/\/www.believeinyouth.eu\/#website\",\"url\":\"https:\/\/www.believeinyouth.eu\/\",\"name\":\"Believe in Youth\",\"description\":\" Travel Agency Template For Elementor\",\"publisher\":{\"@id\":\"https:\/\/www.believeinyouth.eu\/#organization\"},\"potentialAction\":[{\"@type\":\"SearchAction\",\"target\":{\"@type\":\"EntryPoint\",\"urlTemplate\":\"https:\/\/www.believeinyouth.eu\/?s={search_term_string}\"},\"query-input\":{\"@type\":\"PropertyValueSpecification\",\"valueRequired\":true,\"valueName\":\"search_term_string\"}}],\"inLanguage\":\"en-US\"},{\"@type\":\"Organization\",\"@id\":\"https:\/\/www.believeinyouth.eu\/#organization\",\"name\":\"Believe in Youth\",\"url\":\"https:\/\/www.believeinyouth.eu\/\",\"logo\":{\"@type\":\"ImageObject\",\"inLanguage\":\"en-US\",\"@id\":\"https:\/\/www.believeinyouth.eu\/#\/schema\/logo\/image\/\",\"url\":\"https:\/\/www.believeinyouth.eu\/wp-content\/uploads\/2024\/12\/logo_BIY_blanc.jpg\",\"contentUrl\":\"https:\/\/www.believeinyouth.eu\/wp-content\/uploads\/2024\/12\/logo_BIY_blanc.jpg\",\"width\":928,\"height\":460,\"caption\":\"Believe in Youth\"},\"image\":{\"@id\":\"https:\/\/www.believeinyouth.eu\/#\/schema\/logo\/image\/\"}}]}<\/script>\n<!-- \/ Yoast SEO plugin. -->","yoast_head_json":{"title":"Faaliyetler - Believe in Youth","robots":{"index":"index","follow":"follow","max-snippet":"max-snippet:-1","max-image-preview":"max-image-preview:large","max-video-preview":"max-video-preview:-1"},"canonical":"https:\/\/www.believeinyouth.eu\/index.php\/tr\/activities_tr\/","og_locale":"en_US","og_type":"article","og_title":"Faaliyetler - Believe in Youth","og_description":"1. Proje Y\u00f6netim Toplant\u0131lar\u0131 Proje kapsam\u0131nda geli\u015ftirilen \u00fcr\u00fcnlerin de\u011ferlendirilmesi, proje ile ilgili kararlar\u0131n al\u0131nmas\u0131 ve proje s\u00fcre\u00e7lerinin tasarlanm\u0131\u015f amac\u0131yla uluslararas\u0131 d\u00fczeyde proje y\u00f6netimi toplant\u0131lar\u0131 d\u00fczenlenecektir. Bu toplant\u0131larda, projenin ilerleme durumu incelenecek, yap\u0131lan \u00e7al\u0131\u015fmalar de\u011ferlendirilecek ve uluslararas\u0131 kat\u0131l\u0131mc\u0131larla i\u015fbirli\u011fi i\u00e7in stratejiler belirlenecektir. 2. \u00d6\u011frenme, \u00d6\u011fretme ve E\u011fitim Faaliyetleri Bu toplant\u0131larda, ara\u015ft\u0131rmac\u0131lar, proje uzmanlar\u0131 ve hedef grup \u00fcyeleri; gen\u00e7lik \u00e7al\u0131\u015fmalar\u0131 projesi kapsam\u0131nda geli\u015ftirilen \u00fcr\u00fcnlerin kullan\u0131m\u0131 hakk\u0131nda detayl\u0131 bilgiye sahip olacaklard\u0131r. Toplant\u0131larda projenin hedef kitlesine y\u00f6nelik \u00fcr\u00fcnlerin etkile\u015fimi, kullan\u0131m avantajlar\u0131 ve potansiyel zorluklar\u0131 ele al\u0131nacakt\u0131r. B\u00f6ylece kat\u0131l\u0131mc\u0131lar, projenin ama\u00e7lar\u0131na ula\u015fmak ad\u0131na daha etkili stratejiler geli\u015ftirebileceklerdir. Ayr\u0131ca, bu toplant\u0131larda ortaya \u00e7\u0131kabilecek geri bildirimler ve \u00f6neriler projenin geli\u015fimine katk\u0131 sa\u011flayacakt\u0131r 3. \u00c7o\u011falt\u0131c\u0131 Etkinlikler Proje sonu\u00e7lar\u0131n\u0131n geni\u015f kitlelere duyurulmas\u0131 ve tan\u0131t\u0131lmas\u0131 amac\u0131yla her \u00fclkede payda\u015flar ve proje kapsam\u0131nda hedeflenen gruplar\u0131n kat\u0131laca\u011f\u0131 etkile\u015fimli faaliyetler d\u00fczenlenecektir. Toplamda 25 kat\u0131l\u0131mc\u0131n\u0131n yer alaca\u011f\u0131 bu etkinliklerde projenin \u00f6nemli sonu\u00e7lar\u0131 sergilenerek kat\u0131l\u0131mc\u0131lara proje hakk\u0131nda detayl\u0131 bilgi sunulacakt\u0131r.","og_url":"https:\/\/www.believeinyouth.eu\/index.php\/tr\/activities_tr\/","og_site_name":"Believe in Youth","article_modified_time":"2024-12-13T09:39:27+00:00","twitter_card":"summary_large_image","twitter_misc":{"Est. reading time":"1 minute"},"schema":{"@context":"https:\/\/schema.org","@graph":[{"@type":"WebPage","@id":"https:\/\/www.believeinyouth.eu\/index.php\/tr\/activities_tr\/","url":"https:\/\/www.believeinyouth.eu\/index.php\/tr\/activities_tr\/","name":"Faaliyetler - Believe in Youth","isPartOf":{"@id":"https:\/\/www.believeinyouth.eu\/#website"},"datePublished":"2024-12-13T09:22:50+00:00","dateModified":"2024-12-13T09:39:27+00:00","breadcrumb":{"@id":"https:\/\/www.believeinyouth.eu\/index.php\/tr\/activities_tr\/#breadcrumb"},"inLanguage":"en-US","potentialAction":[{"@type":"ReadAction","target":["https:\/\/www.believeinyouth.eu\/index.php\/tr\/activities_tr\/"]}]},{"@type":"BreadcrumbList","@id":"https:\/\/www.believeinyouth.eu\/index.php\/tr\/activities_tr\/#breadcrumb","itemListElement":[{"@type":"ListItem","position":1,"name":"Home","item":"https:\/\/www.believeinyouth.eu\/"},{"@type":"ListItem","position":2,"name":"Faaliyetler"}]},{"@type":"WebSite","@id":"https:\/\/www.believeinyouth.eu\/#website","url":"https:\/\/www.believeinyouth.eu\/","name":"Believe in Youth","description":" Travel Agency Template For Elementor","publisher":{"@id":"https:\/\/www.believeinyouth.eu\/#organization"},"potentialAction":[{"@type":"SearchAction","target":{"@type":"EntryPoint","urlTemplate":"https:\/\/www.believeinyouth.eu\/?s={search_term_string}"},"query-input":{"@type":"PropertyValueSpecification","valueRequired":true,"valueName":"search_term_string"}}],"inLanguage":"en-US"},{"@type":"Organization","@id":"https:\/\/www.believeinyouth.eu\/#organization","name":"Believe in Youth","url":"https:\/\/www.believeinyouth.eu\/","logo":{"@type":"ImageObject","inLanguage":"en-US","@id":"https:\/\/www.believeinyouth.eu\/#\/schema\/logo\/image\/","url":"https:\/\/www.believeinyouth.eu\/wp-content\/uploads\/2024\/12\/logo_BIY_blanc.jpg","contentUrl":"https:\/\/www.believeinyouth.eu\/wp-content\/uploads\/2024\/12\/logo_BIY_blanc.jpg","width":928,"height":460,"caption":"Believe in Youth"},"image":{"@id":"https:\/\/www.believeinyouth.eu\/#\/schema\/logo\/image\/"}}]}},"_links":{"self":[{"href":"https:\/\/www.believeinyouth.eu\/index.php\/wp-json\/wp\/v2\/pages\/1694","targetHints":{"allow":["GET"]}}],"collection":[{"href":"https:\/\/www.believeinyouth.eu\/index.php\/wp-json\/wp\/v2\/pages"}],"about":[{"href":"https:\/\/www.believeinyouth.eu\/index.php\/wp-json\/wp\/v2\/types\/page"}],"author":[{"embeddable":true,"href":"https:\/\/www.believeinyouth.eu\/index.php\/wp-json\/wp\/v2\/users\/1"}],"replies":[{"embeddable":true,"href":"https:\/\/www.believeinyouth.eu\/index.php\/wp-json\/wp\/v2\/comments?post=1694"}],"version-history":[{"count":4,"href":"https:\/\/www.believeinyouth.eu\/index.php\/wp-json\/wp\/v2\/pages\/1694\/revisions"}],"predecessor-version":[{"id":1724,"href":"https:\/\/www.believeinyouth.eu\/index.php\/wp-json\/wp\/v2\/pages\/1694\/revisions\/1724"}],"wp:attachment":[{"href":"https:\/\/www.believeinyouth.eu\/index.php\/wp-json\/wp\/v2\/media?parent=1694"}],"curies":[{"name":"wp","href":"https:\/\/api.w.org\/{rel}","templated":true}]}}